{"id":868,"date":"2020-12-02T05:56:04","date_gmt":"2020-12-02T05:56:04","guid":{"rendered":"https:\/\/www.decktent.com\/?post_type=product&#038;p=868"},"modified":"2026-04-01T16:11:00","modified_gmt":"2026-04-01T16:11:00","slug":"decktent-m","status":"publish","type":"product","link":"https:\/\/www.decktent.com\/en\/producto\/decktent-m\/","title":{"rendered":"DECKTENT M"},"content":{"rendered":"<p>[et_pb_section fb_built=&#8221;1&#8243; _builder_version=&#8221;4.16&#8243; custom_padding=&#8221;0px||||false|false&#8221; global_colors_info=&#8221;{}&#8221;][et_pb_row _builder_version=&#8221;4.16&#8243; background_size=&#8221;initial&#8221; background_position=&#8221;top_left&#8221; background_repeat=&#8221;repeat&#8221; width=&#8221;100%&#8221; custom_padding=&#8221;0px||0px||false|false&#8221; global_colors_info=&#8221;{}&#8221;][et_pb_column type=&#8221;4_4&#8243; _builder_version=&#8221;4.16&#8243; custom_padding=&#8221;|||&#8221; global_colors_info=&#8221;{}&#8221; custom_padding__hover=&#8221;|||&#8221;][et_pb_wc_breadcrumb _builder_version=&#8221;4.16&#8243; global_colors_info=&#8221;{}&#8221;][\/et_pb_wc_breadcrumb][et_pb_wc_cart_notice _builder_version=&#8221;4.16&#8243; global_colors_info=&#8221;{}&#8221;][\/et_pb_wc_cart_notice][\/et_pb_column][\/et_pb_row][et_pb_row column_structure=&#8221;1_2,1_2&#8243; _builder_version=&#8221;4.16&#8243; background_size=&#8221;initial&#8221; background_position=&#8221;top_left&#8221; background_repeat=&#8221;repeat&#8221; width=&#8221;100%&#8221; custom_padding=&#8221;0px||||false|false&#8221; global_colors_info=&#8221;{}&#8221;][et_pb_column type=&#8221;1_2&#8243; _builder_version=&#8221;4.16&#8243; custom_padding=&#8221;|||&#8221; global_colors_info=&#8221;{}&#8221; custom_padding__hover=&#8221;|||&#8221;][et_pb_wc_images _builder_version=&#8221;4.16&#8243; global_colors_info=&#8221;{}&#8221;][\/et_pb_wc_images][\/et_pb_column][et_pb_column type=&#8221;1_2&#8243; _builder_version=&#8221;4.16&#8243; custom_padding=&#8221;|||&#8221; global_colors_info=&#8221;{}&#8221; custom_padding__hover=&#8221;|||&#8221;][et_pb_wc_title _builder_version=&#8221;4.16&#8243; global_colors_info=&#8221;{}&#8221;][\/et_pb_wc_title][et_pb_wc_rating _builder_version=&#8221;4.16&#8243; global_colors_info=&#8221;{}&#8221;][\/et_pb_wc_rating][et_pb_wc_price _builder_version=&#8221;4.16&#8243; global_colors_info=&#8221;{}&#8221;][\/et_pb_wc_price][et_pb_wc_description _builder_version=&#8221;4.16&#8243; global_colors_info=&#8221;{}&#8221;][\/et_pb_wc_description][et_pb_wc_add_to_cart _builder_version=&#8221;4.27.4&#8243; global_colors_info=&#8221;{}&#8221;][\/et_pb_wc_add_to_cart][et_pb_wc_meta _builder_version=&#8221;4.16&#8243; global_colors_info=&#8221;{}&#8221;][\/et_pb_wc_meta][\/et_pb_column][\/et_pb_row][et_pb_row disabled_on=&#8221;off|off|off&#8221; _builder_version=&#8221;4.16&#8243; background_size=&#8221;initial&#8221; background_position=&#8221;top_left&#8221; background_repeat=&#8221;repeat&#8221; width=&#8221;100%&#8221; global_colors_info=&#8221;{}&#8221;][et_pb_column type=&#8221;4_4&#8243; _builder_version=&#8221;4.16&#8243; custom_padding=&#8221;|||&#8221; global_colors_info=&#8221;{}&#8221; custom_padding__hover=&#8221;|||&#8221;][et_pb_text _builder_version=&#8221;4.27.4&#8243; _module_preset=&#8221;default&#8221; global_colors_info=&#8221;{}&#8221;]<\/p>\n<h2 data-start=\"400\" data-end=\"467\">DeckTent M inflatable bimini for large boats and premium comfort<\/h2>\n<p data-start=\"469\" data-end=\"759\">The DeckTent M inflatable bimini is designed for large motorboats and sailboats where shade, space and comfort are essential. This size offers a substantial shaded area, making it ideal for owners who spend long hours onboard and require a reliable solution without permanent installations.<\/p>\n<p data-start=\"761\" data-end=\"919\">DeckTent M delivers a balance between generous coverage and controlled proportions, ensuring comfort without compromising navigation or onboard functionality.<\/p>\n<hr data-start=\"921\" data-end=\"924\" \/>\n<p data-start=\"3754\" data-end=\"3972\">[\/et_pb_text][et_pb_wc_tabs include_tabs=&#8221;wb_cptb_1|wb_cptb_2|wb_cptb_3|wb_cptb_4|wb_cptb_5|wb_cptb_6|wb_cptb_7||&#8221; _builder_version=&#8221;4.27.4&#8243; tab_font=&#8221;Montserrat|600|||||||&#8221; tab_font_size=&#8221;15px&#8221; tab_line_height=&#8221;2.1em&#8221; tab_font_size_tablet=&#8221;15px&#8221; tab_font_size_phone=&#8221;15px&#8221; tab_font_size_last_edited=&#8221;on|desktop&#8221; border_color_all=&#8221;gcid-secondary-color&#8221; box_shadow_style=&#8221;preset3&#8243; global_colors_info=&#8221;{%22gcid-secondary-color%22:%91%22border_color_all%22%93}&#8221;]\t\t\t\t\t[\/et_pb_wc_tabs][et_pb_wc_upsells _builder_version=&#8221;4.27.4&#8243; product_title_font=&#8221;Montserrat||||||||&#8221; product_title_font_size=&#8221;1.1em&#8221; custom_margin=&#8221;85px||||false|false&#8221; custom_margin_tablet=&#8221;85px||||false|false&#8221; custom_margin_phone=&#8221;85px||||false|false&#8221; custom_margin_last_edited=&#8221;on|desktop&#8221; global_colors_info=&#8221;{}&#8221;][\/et_pb_wc_upsells][et_pb_wc_related_products disabled_on=&#8221;off|off|off&#8221; _builder_version=&#8221;4.27.4&#8243; global_colors_info=&#8221;{}&#8221;][\/et_pb_wc_related_products][\/et_pb_column][\/et_pb_row][\/et_pb_section]<\/p>\n","protected":false},"excerpt":{"rendered":"<p><strong>Adaptable para\/fitting:<\/strong><\/p>\n<p><strong>Motoras<\/strong> de 10 a 13 metros &#8211; <strong>Motorboats<\/strong> from 10 to 13 meters<br \/>\n<strong>Veleros<\/strong> de 14 a 18 metros &#8211; <strong>Sailboats<\/strong> from 14 to 18 meters<\/p>\n<p><strong>F:<\/strong> De 1,80 a 2,50m<br \/>\n<strong>B:<\/strong> De 2,80 a 3,40m<br \/>\n<strong>L:<\/strong> 2,50m<\/p>\n<p>Costes de env\u00edo a pa\u00edses de la UE incluidos, excepto a los siguientes pa\u00edses: Alemania, Austria, Suiza, Croacia y Grecia \/ Shipping costs to EU countries are included, except for the following countries: Germany, Austria, Switzerland, Croatia and Greece.<\/p>\n","protected":false},"featured_media":3586,"template":"","meta":{"_et_pb_use_builder":"on","_et_pb_old_content":"","_et_gb_content_width":""},"product_brand":[],"product_cat":[76],"product_tag":[],"class_list":{"0":"post-868","1":"product","2":"type-product","3":"status-publish","4":"has-post-thumbnail","6":"product_cat-biminis-en","8":"first","9":"instock","10":"shipping-taxable","11":"purchasable","12":"product-type-simple"},"yoast_head":"<!-- This site is optimized with the Yoast SEO plugin v27.3 - https:\/\/yoast.com\/product\/yoast-seo-wordpress\/ -->\n<title>DeckTent M \u2013 Inflatable Bimini for Motorboats &amp; Sailboats<\/title>\n<meta name=\"description\" content=\"DeckTent M es un bimini inflable para embarcaciones medianas. F\u00e1cil de montar, sin taladros y con gran estabilidad incluso navegando. Ideal para motoras y veleros.\" \/>\n<meta name=\"robots\" content=\"index, follow, max-snippet:-1, max-image-preview:large, max-video-preview:-1\" \/>\n<link rel=\"canonical\" href=\"https:\/\/www.decktent.com\/en\/producto\/decktent-m\/\" \/>\n<meta property=\"og:locale\" content=\"en_US\" \/>\n<meta property=\"og:type\" content=\"article\" \/>\n<meta property=\"og:title\" content=\"DeckTent M \u2013 Inflatable Bimini for Motorboats &amp; Sailboats\" \/>\n<meta property=\"og:description\" content=\"DeckTent M es un bimini inflable para embarcaciones medianas. F\u00e1cil de montar, sin taladros y con gran estabilidad incluso navegando. Ideal para motoras y veleros.\" \/>\n<meta property=\"og:url\" content=\"https:\/\/www.decktent.com\/en\/producto\/decktent-m\/\" \/>\n<meta property=\"og:site_name\" content=\"DeckTent\" \/>\n<meta property=\"article:publisher\" content=\"https:\/\/www.facebook.com\/decktent.biminis\" \/>\n<meta property=\"article:modified_time\" content=\"2026-04-01T16:11:00+00:00\" \/>\n<meta property=\"og:image\" content=\"https:\/\/www.decktent.com\/wp-content\/uploads\/2020\/12\/DECKTENT-size-M-5.png\" \/>\n\t<meta property=\"og:image:width\" content=\"2540\" \/>\n\t<meta property=\"og:image:height\" content=\"2068\" \/>\n\t<meta property=\"og:image:type\" content=\"image\/png\" \/>\n<meta name=\"twitter:card\" content=\"summary_large_image\" \/>\n<meta name=\"twitter:label1\" content=\"Est. reading time\" \/>\n\t<meta name=\"twitter:data1\" content=\"3 minutes\" \/>\n<script type=\"application\/ld+json\" class=\"yoast-schema-graph\">{\"@context\":\"https:\\\/\\\/schema.org\",\"@graph\":[{\"@type\":\"WebPage\",\"@id\":\"https:\\\/\\\/www.decktent.com\\\/en\\\/producto\\\/decktent-m\\\/\",\"url\":\"https:\\\/\\\/www.decktent.com\\\/en\\\/producto\\\/decktent-m\\\/\",\"name\":\"DeckTent M \u2013 Inflatable Bimini for Motorboats & Sailboats\",\"isPartOf\":{\"@id\":\"https:\\\/\\\/www.decktent.com\\\/#website\"},\"primaryImageOfPage\":{\"@id\":\"https:\\\/\\\/www.decktent.com\\\/en\\\/producto\\\/decktent-m\\\/#primaryimage\"},\"image\":{\"@id\":\"https:\\\/\\\/www.decktent.com\\\/en\\\/producto\\\/decktent-m\\\/#primaryimage\"},\"thumbnailUrl\":\"https:\\\/\\\/www.decktent.com\\\/wp-content\\\/uploads\\\/2020\\\/12\\\/DECKTENT-size-M-5.png\",\"datePublished\":\"2020-12-02T05:56:04+00:00\",\"dateModified\":\"2026-04-01T16:11:00+00:00\",\"description\":\"DeckTent M es un bimini inflable para embarcaciones medianas. F\u00e1cil de montar, sin taladros y con gran estabilidad incluso navegando. Ideal para motoras y veleros.\",\"breadcrumb\":{\"@id\":\"https:\\\/\\\/www.decktent.com\\\/en\\\/producto\\\/decktent-m\\\/#breadcrumb\"},\"inLanguage\":\"en-US\",\"potentialAction\":[{\"@type\":\"ReadAction\",\"target\":[\"https:\\\/\\\/www.decktent.com\\\/en\\\/producto\\\/decktent-m\\\/\"]}]},{\"@type\":\"ImageObject\",\"inLanguage\":\"en-US\",\"@id\":\"https:\\\/\\\/www.decktent.com\\\/en\\\/producto\\\/decktent-m\\\/#primaryimage\",\"url\":\"https:\\\/\\\/www.decktent.com\\\/wp-content\\\/uploads\\\/2020\\\/12\\\/DECKTENT-size-M-5.png\",\"contentUrl\":\"https:\\\/\\\/www.decktent.com\\\/wp-content\\\/uploads\\\/2020\\\/12\\\/DECKTENT-size-M-5.png\",\"width\":2540,\"height\":2068},{\"@type\":\"BreadcrumbList\",\"@id\":\"https:\\\/\\\/www.decktent.com\\\/en\\\/producto\\\/decktent-m\\\/#breadcrumb\",\"itemListElement\":[{\"@type\":\"ListItem\",\"position\":1,\"name\":\"Home\",\"item\":\"https:\\\/\\\/www.decktent.com\\\/en\\\/home\\\/\"},{\"@type\":\"ListItem\",\"position\":2,\"name\":\"Productos\",\"item\":\"https:\\\/\\\/www.decktent.com\\\/shop\\\/\"},{\"@type\":\"ListItem\",\"position\":3,\"name\":\"DECKTENT M\"}]},{\"@type\":\"WebSite\",\"@id\":\"https:\\\/\\\/www.decktent.com\\\/#website\",\"url\":\"https:\\\/\\\/www.decktent.com\\\/\",\"name\":\"DeckTent\",\"description\":\"Bimini\",\"potentialAction\":[{\"@type\":\"SearchAction\",\"target\":{\"@type\":\"EntryPoint\",\"urlTemplate\":\"https:\\\/\\\/www.decktent.com\\\/?s={search_term_string}\"},\"query-input\":{\"@type\":\"PropertyValueSpecification\",\"valueRequired\":true,\"valueName\":\"search_term_string\"}}],\"inLanguage\":\"en-US\"}]}<\/script>\n<!-- \/ Yoast SEO plugin. -->","yoast_head_json":{"title":"DeckTent M \u2013 Inflatable Bimini for Motorboats & Sailboats","description":"DeckTent M es un bimini inflable para embarcaciones medianas. F\u00e1cil de montar, sin taladros y con gran estabilidad incluso navegando. Ideal para motoras y veleros.","robots":{"index":"index","follow":"follow","max-snippet":"max-snippet:-1","max-image-preview":"max-image-preview:large","max-video-preview":"max-video-preview:-1"},"canonical":"https:\/\/www.decktent.com\/en\/producto\/decktent-m\/","og_locale":"en_US","og_type":"article","og_title":"DeckTent M \u2013 Inflatable Bimini for Motorboats & Sailboats","og_description":"DeckTent M es un bimini inflable para embarcaciones medianas. F\u00e1cil de montar, sin taladros y con gran estabilidad incluso navegando. Ideal para motoras y veleros.","og_url":"https:\/\/www.decktent.com\/en\/producto\/decktent-m\/","og_site_name":"DeckTent","article_publisher":"https:\/\/www.facebook.com\/decktent.biminis","article_modified_time":"2026-04-01T16:11:00+00:00","og_image":[{"width":2540,"height":2068,"url":"https:\/\/www.decktent.com\/wp-content\/uploads\/2020\/12\/DECKTENT-size-M-5.png","type":"image\/png"}],"twitter_card":"summary_large_image","twitter_misc":{"Est. reading time":"3 minutes"},"schema":{"@context":"https:\/\/schema.org","@graph":[{"@type":"WebPage","@id":"https:\/\/www.decktent.com\/en\/producto\/decktent-m\/","url":"https:\/\/www.decktent.com\/en\/producto\/decktent-m\/","name":"DeckTent M \u2013 Inflatable Bimini for Motorboats & Sailboats","isPartOf":{"@id":"https:\/\/www.decktent.com\/#website"},"primaryImageOfPage":{"@id":"https:\/\/www.decktent.com\/en\/producto\/decktent-m\/#primaryimage"},"image":{"@id":"https:\/\/www.decktent.com\/en\/producto\/decktent-m\/#primaryimage"},"thumbnailUrl":"https:\/\/www.decktent.com\/wp-content\/uploads\/2020\/12\/DECKTENT-size-M-5.png","datePublished":"2020-12-02T05:56:04+00:00","dateModified":"2026-04-01T16:11:00+00:00","description":"DeckTent M es un bimini inflable para embarcaciones medianas. F\u00e1cil de montar, sin taladros y con gran estabilidad incluso navegando. Ideal para motoras y veleros.","breadcrumb":{"@id":"https:\/\/www.decktent.com\/en\/producto\/decktent-m\/#breadcrumb"},"inLanguage":"en-US","potentialAction":[{"@type":"ReadAction","target":["https:\/\/www.decktent.com\/en\/producto\/decktent-m\/"]}]},{"@type":"ImageObject","inLanguage":"en-US","@id":"https:\/\/www.decktent.com\/en\/producto\/decktent-m\/#primaryimage","url":"https:\/\/www.decktent.com\/wp-content\/uploads\/2020\/12\/DECKTENT-size-M-5.png","contentUrl":"https:\/\/www.decktent.com\/wp-content\/uploads\/2020\/12\/DECKTENT-size-M-5.png","width":2540,"height":2068},{"@type":"BreadcrumbList","@id":"https:\/\/www.decktent.com\/en\/producto\/decktent-m\/#breadcrumb","itemListElement":[{"@type":"ListItem","position":1,"name":"Home","item":"https:\/\/www.decktent.com\/en\/home\/"},{"@type":"ListItem","position":2,"name":"Productos","item":"https:\/\/www.decktent.com\/shop\/"},{"@type":"ListItem","position":3,"name":"DECKTENT M"}]},{"@type":"WebSite","@id":"https:\/\/www.decktent.com\/#website","url":"https:\/\/www.decktent.com\/","name":"DeckTent","description":"Bimini","potentialAction":[{"@type":"SearchAction","target":{"@type":"EntryPoint","urlTemplate":"https:\/\/www.decktent.com\/?s={search_term_string}"},"query-input":{"@type":"PropertyValueSpecification","valueRequired":true,"valueName":"search_term_string"}}],"inLanguage":"en-US"}]}},"_links":{"self":[{"href":"https:\/\/www.decktent.com\/en\/wp-json\/wp\/v2\/product\/868","targetHints":{"allow":["GET"]}}],"collection":[{"href":"https:\/\/www.decktent.com\/en\/wp-json\/wp\/v2\/product"}],"about":[{"href":"https:\/\/www.decktent.com\/en\/wp-json\/wp\/v2\/types\/product"}],"wp:featuredmedia":[{"embeddable":true,"href":"https:\/\/www.decktent.com\/en\/wp-json\/wp\/v2\/media\/3586"}],"wp:attachment":[{"href":"https:\/\/www.decktent.com\/en\/wp-json\/wp\/v2\/media?parent=868"}],"wp:term":[{"taxonomy":"product_brand","embeddable":true,"href":"https:\/\/www.decktent.com\/en\/wp-json\/wp\/v2\/product_brand?post=868"},{"taxonomy":"product_cat","embeddable":true,"href":"https:\/\/www.decktent.com\/en\/wp-json\/wp\/v2\/product_cat?post=868"},{"taxonomy":"product_tag","embeddable":true,"href":"https:\/\/www.decktent.com\/en\/wp-json\/wp\/v2\/product_tag?post=868"}],"curies":[{"name":"wp","href":"https:\/\/api.w.org\/{rel}","templated":true}]}}