{"id":3454,"date":"2024-03-01T13:41:05","date_gmt":"2024-03-01T13:41:05","guid":{"rendered":"https:\/\/www.decktent.com\/?post_type=product&#038;p=3454"},"modified":"2026-04-01T16:04:07","modified_gmt":"2026-04-01T16:04:07","slug":"decktent-xxs","status":"publish","type":"product","link":"https:\/\/www.decktent.com\/en\/producto\/decktent-xxs\/","title":{"rendered":"DECKTENT XXS"},"content":{"rendered":"<p>[et_pb_section fb_built=&#8221;1&#8243; _builder_version=&#8221;4.16&#8243; custom_padding=&#8221;0px||||false|false&#8221; global_colors_info=&#8221;{}&#8221;][et_pb_row _builder_version=&#8221;4.16&#8243; background_size=&#8221;initial&#8221; background_position=&#8221;top_left&#8221; background_repeat=&#8221;repeat&#8221; width=&#8221;100%&#8221; custom_padding=&#8221;0px||0px||false|false&#8221; global_colors_info=&#8221;{}&#8221;][et_pb_column type=&#8221;4_4&#8243; _builder_version=&#8221;4.16&#8243; custom_padding=&#8221;|||&#8221; global_colors_info=&#8221;{}&#8221; custom_padding__hover=&#8221;|||&#8221;][et_pb_wc_breadcrumb _builder_version=&#8221;4.16&#8243; global_colors_info=&#8221;{}&#8221;][\/et_pb_wc_breadcrumb][et_pb_wc_cart_notice _builder_version=&#8221;4.16&#8243; global_colors_info=&#8221;{}&#8221;][\/et_pb_wc_cart_notice][\/et_pb_column][\/et_pb_row][et_pb_row column_structure=&#8221;1_2,1_2&#8243; _builder_version=&#8221;4.16&#8243; background_size=&#8221;initial&#8221; background_position=&#8221;top_left&#8221; background_repeat=&#8221;repeat&#8221; width=&#8221;100%&#8221; custom_padding=&#8221;0px||||false|false&#8221; global_colors_info=&#8221;{}&#8221;][et_pb_column type=&#8221;1_2&#8243; _builder_version=&#8221;4.16&#8243; custom_padding=&#8221;|||&#8221; global_colors_info=&#8221;{}&#8221; custom_padding__hover=&#8221;|||&#8221;][et_pb_wc_images _builder_version=&#8221;4.16&#8243; global_colors_info=&#8221;{}&#8221;][\/et_pb_wc_images][\/et_pb_column][et_pb_column type=&#8221;1_2&#8243; _builder_version=&#8221;4.16&#8243; custom_padding=&#8221;|||&#8221; global_colors_info=&#8221;{}&#8221; custom_padding__hover=&#8221;|||&#8221;][et_pb_wc_title _builder_version=&#8221;4.16&#8243; global_colors_info=&#8221;{}&#8221;][\/et_pb_wc_title][et_pb_wc_rating _builder_version=&#8221;4.16&#8243; global_colors_info=&#8221;{}&#8221;][\/et_pb_wc_rating][et_pb_wc_price _builder_version=&#8221;4.16&#8243; global_colors_info=&#8221;{}&#8221;][\/et_pb_wc_price][et_pb_wc_description _builder_version=&#8221;4.16&#8243; global_colors_info=&#8221;{}&#8221;][\/et_pb_wc_description][et_pb_wc_add_to_cart _builder_version=&#8221;4.16&#8243; global_colors_info=&#8221;{}&#8221;][\/et_pb_wc_add_to_cart][et_pb_wc_meta _builder_version=&#8221;4.16&#8243; global_colors_info=&#8221;{}&#8221;][\/et_pb_wc_meta][\/et_pb_column][\/et_pb_row][et_pb_row _builder_version=&#8221;4.16&#8243; background_size=&#8221;initial&#8221; background_position=&#8221;top_left&#8221; background_repeat=&#8221;repeat&#8221; width=&#8221;100%&#8221; global_colors_info=&#8221;{}&#8221;][et_pb_column type=&#8221;4_4&#8243; _builder_version=&#8221;4.16&#8243; custom_padding=&#8221;|||&#8221; global_colors_info=&#8221;{}&#8221; custom_padding__hover=&#8221;|||&#8221;][et_pb_wc_tabs include_tabs=&#8221;wb_cptb_1|wb_cptb_2|wb_cptb_3|wb_cptb_4|wb_cptb_5|wb_cptb_6|wb_cptb_7||&#8221; _builder_version=&#8221;4.27.4&#8243; tab_font=&#8221;Montserrat|600|||||||&#8221; tab_font_size=&#8221;15px&#8221; tab_line_height=&#8221;2.1em&#8221; tab_font_size_tablet=&#8221;15px&#8221; tab_font_size_phone=&#8221;15px&#8221; tab_font_size_last_edited=&#8221;on|desktop&#8221; border_color_all=&#8221;gcid-secondary-color&#8221; box_shadow_style=&#8221;preset3&#8243; global_colors_info=&#8221;{%22gcid-secondary-color%22:%91%22border_color_all%22%93}&#8221;] [\/et_pb_wc_tabs][et_pb_wc_upsells _builder_version=&#8221;4.27.4&#8243; product_title_font=&#8221;Montserrat||||||||&#8221; product_title_font_size=&#8221;1.1em&#8221; custom_margin=&#8221;85px||||false|false&#8221; custom_margin_tablet=&#8221;85px||||false|false&#8221; custom_margin_phone=&#8221;85px||||false|false&#8221; custom_margin_last_edited=&#8221;on|desktop&#8221; hover_enabled=&#8221;0&#8243; global_colors_info=&#8221;{}&#8221; sticky_enabled=&#8221;0&#8243;][\/et_pb_wc_upsells][et_pb_wc_related_products include_categories=&#8221;76&#8243; disabled_on=&#8221;off|off|off&#8221; _builder_version=&#8221;4.27.4&#8243; global_colors_info=&#8221;{}&#8221;][\/et_pb_wc_related_products][\/et_pb_column][\/et_pb_row][\/et_pb_section]<\/p>\n","protected":false},"excerpt":{"rendered":"<p><strong>Adaptable para\/fitting:<\/strong><\/p>\n<p><strong>Semirr\u00edgidas<\/strong> de 2,50 a 5 metros &#8211; <b>Ribs <\/b>from 2,50 to 5 meters<\/p>\n<p><strong>Motoras <\/strong>de\u00a02,50 a 5 metros\u00a0 &#8211; <strong>Motorboats <\/strong>from 2,50 to 5 meters<\/p>\n<p><strong>F: <\/strong>1,00 &#8211; 1,85m<br \/>\n<strong>B:<\/strong> 1,00 \u2010 1,85m<br \/>\n<strong>L: <\/strong>1,80m<\/p>\n<p><strong>Costes de env\u00edo a pa\u00edses de la UE incluidos, excepto a los siguientes pa\u00edses: Alemania, Austria, Suiza, Croacia y Grecia \/ Shipping costs to EU countries are included, except for the following countries: Germany, Austria, Switzerland, Croatia and Greece.<\/strong><\/p>\n","protected":false},"featured_media":3578,"template":"","meta":{"_et_pb_use_builder":"on","_et_pb_old_content":"","_et_gb_content_width":""},"product_brand":[],"product_cat":[76],"product_tag":[],"class_list":{"0":"post-3454","1":"product","2":"type-product","3":"status-publish","4":"has-post-thumbnail","6":"product_cat-biminis-en","8":"first","9":"instock","10":"shipping-taxable","11":"purchasable","12":"product-type-simple"},"yoast_head":"<!-- This site is optimized with the Yoast SEO plugin v27.3 - https:\/\/yoast.com\/product\/yoast-seo-wordpress\/ -->\n<title>DeckTent XXS \u2013 Compact Inflatable Bimini for Small Motorboats<\/title>\n<meta name=\"description\" content=\"DeckTent XXS es el bimini inflable m\u00e1s compacto, ideal para peque\u00f1as motoras. Ligero, resistente y f\u00e1cil de montar sin taladros para obtener sombra instant\u00e1nea.\" \/>\n<meta name=\"robots\" content=\"index, follow, max-snippet:-1, max-image-preview:large, max-video-preview:-1\" \/>\n<link rel=\"canonical\" href=\"https:\/\/www.decktent.com\/en\/producto\/decktent-xxs\/\" \/>\n<meta property=\"og:locale\" content=\"en_US\" \/>\n<meta property=\"og:type\" content=\"article\" \/>\n<meta property=\"og:title\" content=\"DeckTent XXS \u2013 Compact Inflatable Bimini for Small Motorboats\" \/>\n<meta property=\"og:description\" content=\"DeckTent XXS es el bimini inflable m\u00e1s compacto, ideal para peque\u00f1as motoras. Ligero, resistente y f\u00e1cil de montar sin taladros para obtener sombra instant\u00e1nea.\" \/>\n<meta property=\"og:url\" content=\"https:\/\/www.decktent.com\/en\/producto\/decktent-xxs\/\" \/>\n<meta property=\"og:site_name\" content=\"DeckTent\" \/>\n<meta property=\"article:publisher\" content=\"https:\/\/www.facebook.com\/decktent.biminis\" \/>\n<meta property=\"article:modified_time\" content=\"2026-04-01T16:04:07+00:00\" \/>\n<meta property=\"og:image\" content=\"https:\/\/www.decktent.com\/wp-content\/uploads\/2024\/03\/DECKTENT-size-XXS-1.png\" \/>\n\t<meta property=\"og:image:width\" content=\"2445\" \/>\n\t<meta property=\"og:image:height\" content=\"1729\" \/>\n\t<meta property=\"og:image:type\" content=\"image\/png\" \/>\n<meta name=\"twitter:card\" content=\"summary_large_image\" \/>\n<meta name=\"twitter:label1\" content=\"Est. reading time\" \/>\n\t<meta name=\"twitter:data1\" content=\"3 minutes\" \/>\n<script type=\"application\/ld+json\" class=\"yoast-schema-graph\">{\"@context\":\"https:\\\/\\\/schema.org\",\"@graph\":[{\"@type\":\"WebPage\",\"@id\":\"https:\\\/\\\/www.decktent.com\\\/en\\\/producto\\\/decktent-xxs\\\/\",\"url\":\"https:\\\/\\\/www.decktent.com\\\/en\\\/producto\\\/decktent-xxs\\\/\",\"name\":\"DeckTent XXS \u2013 Compact Inflatable Bimini for Small Motorboats\",\"isPartOf\":{\"@id\":\"https:\\\/\\\/www.decktent.com\\\/#website\"},\"primaryImageOfPage\":{\"@id\":\"https:\\\/\\\/www.decktent.com\\\/en\\\/producto\\\/decktent-xxs\\\/#primaryimage\"},\"image\":{\"@id\":\"https:\\\/\\\/www.decktent.com\\\/en\\\/producto\\\/decktent-xxs\\\/#primaryimage\"},\"thumbnailUrl\":\"https:\\\/\\\/www.decktent.com\\\/wp-content\\\/uploads\\\/2024\\\/03\\\/DECKTENT-size-XXS-1.png\",\"datePublished\":\"2024-03-01T13:41:05+00:00\",\"dateModified\":\"2026-04-01T16:04:07+00:00\",\"description\":\"DeckTent XXS es el bimini inflable m\u00e1s compacto, ideal para peque\u00f1as motoras. Ligero, resistente y f\u00e1cil de montar sin taladros para obtener sombra instant\u00e1nea.\",\"breadcrumb\":{\"@id\":\"https:\\\/\\\/www.decktent.com\\\/en\\\/producto\\\/decktent-xxs\\\/#breadcrumb\"},\"inLanguage\":\"en-US\",\"potentialAction\":[{\"@type\":\"ReadAction\",\"target\":[\"https:\\\/\\\/www.decktent.com\\\/en\\\/producto\\\/decktent-xxs\\\/\"]}]},{\"@type\":\"ImageObject\",\"inLanguage\":\"en-US\",\"@id\":\"https:\\\/\\\/www.decktent.com\\\/en\\\/producto\\\/decktent-xxs\\\/#primaryimage\",\"url\":\"https:\\\/\\\/www.decktent.com\\\/wp-content\\\/uploads\\\/2024\\\/03\\\/DECKTENT-size-XXS-1.png\",\"contentUrl\":\"https:\\\/\\\/www.decktent.com\\\/wp-content\\\/uploads\\\/2024\\\/03\\\/DECKTENT-size-XXS-1.png\",\"width\":2445,\"height\":1729},{\"@type\":\"BreadcrumbList\",\"@id\":\"https:\\\/\\\/www.decktent.com\\\/en\\\/producto\\\/decktent-xxs\\\/#breadcrumb\",\"itemListElement\":[{\"@type\":\"ListItem\",\"position\":1,\"name\":\"Home\",\"item\":\"https:\\\/\\\/www.decktent.com\\\/en\\\/home\\\/\"},{\"@type\":\"ListItem\",\"position\":2,\"name\":\"Productos\",\"item\":\"https:\\\/\\\/www.decktent.com\\\/shop\\\/\"},{\"@type\":\"ListItem\",\"position\":3,\"name\":\"DECKTENT XXS\"}]},{\"@type\":\"WebSite\",\"@id\":\"https:\\\/\\\/www.decktent.com\\\/#website\",\"url\":\"https:\\\/\\\/www.decktent.com\\\/\",\"name\":\"DeckTent\",\"description\":\"Bimini\",\"potentialAction\":[{\"@type\":\"SearchAction\",\"target\":{\"@type\":\"EntryPoint\",\"urlTemplate\":\"https:\\\/\\\/www.decktent.com\\\/?s={search_term_string}\"},\"query-input\":{\"@type\":\"PropertyValueSpecification\",\"valueRequired\":true,\"valueName\":\"search_term_string\"}}],\"inLanguage\":\"en-US\"}]}<\/script>\n<!-- \/ Yoast SEO plugin. -->","yoast_head_json":{"title":"DeckTent XXS \u2013 Compact Inflatable Bimini for Small Motorboats","description":"DeckTent XXS es el bimini inflable m\u00e1s compacto, ideal para peque\u00f1as motoras. Ligero, resistente y f\u00e1cil de montar sin taladros para obtener sombra instant\u00e1nea.","robots":{"index":"index","follow":"follow","max-snippet":"max-snippet:-1","max-image-preview":"max-image-preview:large","max-video-preview":"max-video-preview:-1"},"canonical":"https:\/\/www.decktent.com\/en\/producto\/decktent-xxs\/","og_locale":"en_US","og_type":"article","og_title":"DeckTent XXS \u2013 Compact Inflatable Bimini for Small Motorboats","og_description":"DeckTent XXS es el bimini inflable m\u00e1s compacto, ideal para peque\u00f1as motoras. Ligero, resistente y f\u00e1cil de montar sin taladros para obtener sombra instant\u00e1nea.","og_url":"https:\/\/www.decktent.com\/en\/producto\/decktent-xxs\/","og_site_name":"DeckTent","article_publisher":"https:\/\/www.facebook.com\/decktent.biminis","article_modified_time":"2026-04-01T16:04:07+00:00","og_image":[{"width":2445,"height":1729,"url":"https:\/\/www.decktent.com\/wp-content\/uploads\/2024\/03\/DECKTENT-size-XXS-1.png","type":"image\/png"}],"twitter_card":"summary_large_image","twitter_misc":{"Est. reading time":"3 minutes"},"schema":{"@context":"https:\/\/schema.org","@graph":[{"@type":"WebPage","@id":"https:\/\/www.decktent.com\/en\/producto\/decktent-xxs\/","url":"https:\/\/www.decktent.com\/en\/producto\/decktent-xxs\/","name":"DeckTent XXS \u2013 Compact Inflatable Bimini for Small Motorboats","isPartOf":{"@id":"https:\/\/www.decktent.com\/#website"},"primaryImageOfPage":{"@id":"https:\/\/www.decktent.com\/en\/producto\/decktent-xxs\/#primaryimage"},"image":{"@id":"https:\/\/www.decktent.com\/en\/producto\/decktent-xxs\/#primaryimage"},"thumbnailUrl":"https:\/\/www.decktent.com\/wp-content\/uploads\/2024\/03\/DECKTENT-size-XXS-1.png","datePublished":"2024-03-01T13:41:05+00:00","dateModified":"2026-04-01T16:04:07+00:00","description":"DeckTent XXS es el bimini inflable m\u00e1s compacto, ideal para peque\u00f1as motoras. Ligero, resistente y f\u00e1cil de montar sin taladros para obtener sombra instant\u00e1nea.","breadcrumb":{"@id":"https:\/\/www.decktent.com\/en\/producto\/decktent-xxs\/#breadcrumb"},"inLanguage":"en-US","potentialAction":[{"@type":"ReadAction","target":["https:\/\/www.decktent.com\/en\/producto\/decktent-xxs\/"]}]},{"@type":"ImageObject","inLanguage":"en-US","@id":"https:\/\/www.decktent.com\/en\/producto\/decktent-xxs\/#primaryimage","url":"https:\/\/www.decktent.com\/wp-content\/uploads\/2024\/03\/DECKTENT-size-XXS-1.png","contentUrl":"https:\/\/www.decktent.com\/wp-content\/uploads\/2024\/03\/DECKTENT-size-XXS-1.png","width":2445,"height":1729},{"@type":"BreadcrumbList","@id":"https:\/\/www.decktent.com\/en\/producto\/decktent-xxs\/#breadcrumb","itemListElement":[{"@type":"ListItem","position":1,"name":"Home","item":"https:\/\/www.decktent.com\/en\/home\/"},{"@type":"ListItem","position":2,"name":"Productos","item":"https:\/\/www.decktent.com\/shop\/"},{"@type":"ListItem","position":3,"name":"DECKTENT XXS"}]},{"@type":"WebSite","@id":"https:\/\/www.decktent.com\/#website","url":"https:\/\/www.decktent.com\/","name":"DeckTent","description":"Bimini","potentialAction":[{"@type":"SearchAction","target":{"@type":"EntryPoint","urlTemplate":"https:\/\/www.decktent.com\/?s={search_term_string}"},"query-input":{"@type":"PropertyValueSpecification","valueRequired":true,"valueName":"search_term_string"}}],"inLanguage":"en-US"}]}},"_links":{"self":[{"href":"https:\/\/www.decktent.com\/en\/wp-json\/wp\/v2\/product\/3454","targetHints":{"allow":["GET"]}}],"collection":[{"href":"https:\/\/www.decktent.com\/en\/wp-json\/wp\/v2\/product"}],"about":[{"href":"https:\/\/www.decktent.com\/en\/wp-json\/wp\/v2\/types\/product"}],"wp:featuredmedia":[{"embeddable":true,"href":"https:\/\/www.decktent.com\/en\/wp-json\/wp\/v2\/media\/3578"}],"wp:attachment":[{"href":"https:\/\/www.decktent.com\/en\/wp-json\/wp\/v2\/media?parent=3454"}],"wp:term":[{"taxonomy":"product_brand","embeddable":true,"href":"https:\/\/www.decktent.com\/en\/wp-json\/wp\/v2\/product_brand?post=3454"},{"taxonomy":"product_cat","embeddable":true,"href":"https:\/\/www.decktent.com\/en\/wp-json\/wp\/v2\/product_cat?post=3454"},{"taxonomy":"product_tag","embeddable":true,"href":"https:\/\/www.decktent.com\/en\/wp-json\/wp\/v2\/product_tag?post=3454"}],"curies":[{"name":"wp","href":"https:\/\/api.w.org\/{rel}","templated":true}]}}