{"id":3265,"date":"2024-02-19T12:03:08","date_gmt":"2024-02-19T12:03:08","guid":{"rendered":"https:\/\/www.decktent.com\/?post_type=product&#038;p=3265"},"modified":"2025-07-02T10:16:08","modified_gmt":"2025-07-02T10:16:08","slug":"inflatable-platforms","status":"publish","type":"product","link":"https:\/\/www.decktent.com\/en\/producto\/inflatable-platforms\/","title":{"rendered":"Inflatable Platforms"},"content":{"rendered":"<p>[et_pb_section fb_built=&#8221;1&#8243; _builder_version=&#8221;4.16&#8243; custom_padding=&#8221;0px||||false|false&#8221; global_colors_info=&#8221;{}&#8221;][et_pb_row _builder_version=&#8221;4.16&#8243; background_size=&#8221;initial&#8221; background_position=&#8221;top_left&#8221; background_repeat=&#8221;repeat&#8221; width=&#8221;100%&#8221; custom_padding=&#8221;0px||0px||false|false&#8221; global_colors_info=&#8221;{}&#8221;][et_pb_column type=&#8221;4_4&#8243; _builder_version=&#8221;4.16&#8243; custom_padding=&#8221;|||&#8221; global_colors_info=&#8221;{}&#8221; custom_padding__hover=&#8221;|||&#8221;][et_pb_wc_breadcrumb _builder_version=&#8221;4.16&#8243; global_colors_info=&#8221;{}&#8221;][\/et_pb_wc_breadcrumb][et_pb_wc_cart_notice _builder_version=&#8221;4.16&#8243; global_colors_info=&#8221;{}&#8221;][\/et_pb_wc_cart_notice][\/et_pb_column][\/et_pb_row][et_pb_row column_structure=&#8221;1_2,1_2&#8243; _builder_version=&#8221;4.16&#8243; background_size=&#8221;initial&#8221; background_position=&#8221;top_left&#8221; background_repeat=&#8221;repeat&#8221; width=&#8221;100%&#8221; custom_padding=&#8221;0px||||false|false&#8221; global_colors_info=&#8221;{}&#8221;][et_pb_column type=&#8221;1_2&#8243; _builder_version=&#8221;4.16&#8243; custom_padding=&#8221;|||&#8221; global_colors_info=&#8221;{}&#8221; custom_padding__hover=&#8221;|||&#8221;][et_pb_wc_images _builder_version=&#8221;4.16&#8243; global_colors_info=&#8221;{}&#8221;][\/et_pb_wc_images][\/et_pb_column][et_pb_column type=&#8221;1_2&#8243; _builder_version=&#8221;4.16&#8243; custom_padding=&#8221;|||&#8221; global_colors_info=&#8221;{}&#8221; custom_padding__hover=&#8221;|||&#8221;][et_pb_wc_title _builder_version=&#8221;4.16&#8243; global_colors_info=&#8221;{}&#8221;][\/et_pb_wc_title][et_pb_wc_rating _builder_version=&#8221;4.16&#8243; global_colors_info=&#8221;{}&#8221;][\/et_pb_wc_rating][et_pb_wc_price _builder_version=&#8221;4.16&#8243; global_colors_info=&#8221;{}&#8221;][\/et_pb_wc_price][et_pb_wc_description _builder_version=&#8221;4.16&#8243; global_colors_info=&#8221;{}&#8221;][\/et_pb_wc_description][et_pb_wc_add_to_cart _builder_version=&#8221;4.27.4&#8243; global_colors_info=&#8221;{}&#8221;][\/et_pb_wc_add_to_cart][et_pb_wc_meta _builder_version=&#8221;4.16&#8243; global_colors_info=&#8221;{}&#8221;][\/et_pb_wc_meta][\/et_pb_column][\/et_pb_row][et_pb_row _builder_version=&#8221;4.16&#8243; background_size=&#8221;initial&#8221; background_position=&#8221;top_left&#8221; background_repeat=&#8221;repeat&#8221; width=&#8221;100%&#8221; global_colors_info=&#8221;{}&#8221;][et_pb_column type=&#8221;4_4&#8243; _builder_version=&#8221;4.16&#8243; custom_padding=&#8221;|||&#8221; global_colors_info=&#8221;{}&#8221; custom_padding__hover=&#8221;|||&#8221;][et_pb_wc_tabs include_tabs=&#8221;description|&#8221; _builder_version=&#8221;4.27.4&#8243; global_colors_info=&#8221;{}&#8221;] [\/et_pb_wc_tabs][et_pb_wc_upsells _builder_version=&#8221;4.16&#8243; global_colors_info=&#8221;{}&#8221;][\/et_pb_wc_upsells][et_pb_wc_related_products disabled_on=&#8221;on|on|on&#8221; _builder_version=&#8221;4.16&#8243; disabled=&#8221;on&#8221; global_colors_info=&#8221;{}&#8221;][\/et_pb_wc_related_products][\/et_pb_column][\/et_pb_row][\/et_pb_section]<\/p>\n","protected":false},"excerpt":{"rendered":"<p><strong>Inflatable Platform 300cm x 200cm<\/strong><\/p>\n<p><strong>Inflatable Platform 250cm x 150cm<\/strong><\/p>\n<p>Costes de env\u00edo a pa\u00edses de la UE incluidos, excepto a los siguientes pa\u00edses: Alemania, Austria, Suiza, Croacia, Grecia e Italia \/ Shipping costs to EU countries are included, except for the following countries: Germany, Austria, Switzerland, Croatia, Greece, and Italy.<\/p>\n","protected":false},"featured_media":3135,"template":"","meta":{"_et_pb_use_builder":"on","_et_pb_old_content":"<h5><strong>Recommended Load Capacity \u2013 2.5\u00d71.5 m Inflatable Platform<\/strong><\/h5>\r\nCompact but powerful, our\u00a0<strong>2.5\u00d71.5\u00d70.2 m inflatable platform<\/strong>\u00a0offers excellent buoyancy and stability for leisure, boarding, or gear support.\r\n\r\nTo ensure <strong>safety and durability<\/strong>, we recommend a\u00a0<strong>usable load capacity of 375\u2013525 kg<\/strong>. This is suitable for\u00a0<strong>2 to 4 adults<\/strong>, depending on weight distribution and activity.\r\n<h4><img class=\"an1\" src=\"https:\/\/fonts.gstatic.com\/s\/e\/notoemoji\/16.0\/2705\/32.png\" alt=\"\u2705\" width=\"16\" height=\"16\" data-emoji=\"\u2705\" aria-label=\"\u2705\" \/>\u00a0Key Features:<\/h4>\r\n<ul>\r\n \t<li><strong>Material:<\/strong>\u00a0Dropstitch construction for maximum rigidity.<\/li>\r\n \t<li><strong>Inflation:<\/strong>\u00a0Optimal performance at\u00a0<strong>8\u201310 PSI<\/strong>.<\/li>\r\n \t<li><strong>Use:<\/strong>\u00a0Perfect for lounging, boarding from the water, or adding deck space off your boat.<\/li>\r\n<\/ul>\r\nCompact, light, and reliable \u2013 the perfect floating solution for tight spaces or smaller crews.\r\n<h5><strong>Recommended Load Capacity \u2013 3x2m Inflatable Platform<\/strong><\/h5>\r\nOur 3\u00d72\u00d70.2 m inflatable platform offers outstanding buoyancy and stability, making it ideal for relaxing, sunbathing, or supporting gear and guests on the water.\r\n\r\nFor optimal <strong>safety, stability, and product longevity<\/strong>, we recommend a\u00a0<strong>maximum usable load of 600\u2013800 kg<\/strong>. This capacity is perfect for\u00a0<strong>4 to 6 adults<\/strong>, depending on activity and weight distribution.\r\n<h4><img class=\"an1\" src=\"https:\/\/fonts.gstatic.com\/s\/e\/notoemoji\/16.0\/2705\/32.png\" alt=\"\u2705\" width=\"16\" height=\"16\" data-emoji=\"\u2705\" aria-label=\"\u2705\" \/> Key Features:<\/h4>\r\n<ul>\r\n \t<li><strong>Material:<\/strong>\u00a0Built with high-quality dropstitch fabric for superior rigidity and load resistance.<\/li>\r\n \t<li><strong>Inflation:<\/strong>\u00a0Best performance achieved at\u00a0<strong>8\u201310 PSI<\/strong>\u00a0of pressure.<\/li>\r\n \t<li><strong>Use Conditions:<\/strong>\u00a0Calm waters and evenly distributed weight ensure optimal performance.<\/li>\r\n \t<li><strong>Versatility:<\/strong>\u00a0Suitable for lounging, diving, water sports, or use as a floating dock.<\/li>\r\n<\/ul>\r\nWhether you're anchoring off a yacht or setting up a floating chill-out area, this platform delivers performance and peace of mind.","_et_gb_content_width":""},"product_brand":[],"product_cat":[80],"product_tag":[],"class_list":{"0":"post-3265","1":"product","2":"type-product","3":"status-publish","4":"has-post-thumbnail","6":"product_cat-platforms-en","8":"first","9":"instock","10":"shipping-taxable","11":"purchasable","12":"product-type-variable"},"yoast_head":"<!-- This site is optimized with the Yoast SEO plugin v27.3 - https:\/\/yoast.com\/product\/yoast-seo-wordpress\/ -->\n<title>Inflatable Boat Platforms \u2013 Durable Floating Platforms | DeckTent<\/title>\n<meta name=\"description\" content=\"Inflatable platforms designed for sunbathing, boarding and relaxing at anchor. Stable, durable and perfect for expanding the space around your boat.\" \/>\n<meta name=\"robots\" content=\"index, follow, max-snippet:-1, max-image-preview:large, max-video-preview:-1\" \/>\n<link rel=\"canonical\" href=\"https:\/\/www.decktent.com\/en\/producto\/inflatable-platforms\/\" \/>\n<meta property=\"og:locale\" content=\"en_US\" \/>\n<meta property=\"og:type\" content=\"article\" \/>\n<meta property=\"og:title\" content=\"Inflatable Boat Platforms \u2013 Durable Floating Platforms | DeckTent\" \/>\n<meta property=\"og:description\" content=\"Inflatable platforms designed for sunbathing, boarding and relaxing at anchor. Stable, durable and perfect for expanding the space around your boat.\" \/>\n<meta property=\"og:url\" content=\"https:\/\/www.decktent.com\/en\/producto\/inflatable-platforms\/\" \/>\n<meta property=\"og:site_name\" content=\"DeckTent\" \/>\n<meta property=\"article:publisher\" content=\"https:\/\/www.facebook.com\/decktent.biminis\" \/>\n<meta property=\"article:modified_time\" content=\"2025-07-02T10:16:08+00:00\" \/>\n<meta property=\"og:image\" content=\"https:\/\/www.decktent.com\/wp-content\/uploads\/2024\/02\/PLATFORM-scaled.jpg\" \/>\n\t<meta property=\"og:image:width\" content=\"2560\" \/>\n\t<meta property=\"og:image:height\" content=\"1096\" \/>\n\t<meta property=\"og:image:type\" content=\"image\/jpeg\" \/>\n<meta name=\"twitter:card\" content=\"summary_large_image\" \/>\n<meta name=\"twitter:label1\" content=\"Est. reading time\" \/>\n\t<meta name=\"twitter:data1\" content=\"2 minutes\" \/>\n<script type=\"application\/ld+json\" class=\"yoast-schema-graph\">{\"@context\":\"https:\\\/\\\/schema.org\",\"@graph\":[{\"@type\":\"WebPage\",\"@id\":\"https:\\\/\\\/www.decktent.com\\\/en\\\/producto\\\/inflatable-platforms\\\/\",\"url\":\"https:\\\/\\\/www.decktent.com\\\/en\\\/producto\\\/inflatable-platforms\\\/\",\"name\":\"Inflatable Boat Platforms \u2013 Durable Floating Platforms | DeckTent\",\"isPartOf\":{\"@id\":\"https:\\\/\\\/www.decktent.com\\\/#website\"},\"primaryImageOfPage\":{\"@id\":\"https:\\\/\\\/www.decktent.com\\\/en\\\/producto\\\/inflatable-platforms\\\/#primaryimage\"},\"image\":{\"@id\":\"https:\\\/\\\/www.decktent.com\\\/en\\\/producto\\\/inflatable-platforms\\\/#primaryimage\"},\"thumbnailUrl\":\"https:\\\/\\\/www.decktent.com\\\/wp-content\\\/uploads\\\/2024\\\/02\\\/PLATFORM-scaled.jpg\",\"datePublished\":\"2024-02-19T12:03:08+00:00\",\"dateModified\":\"2025-07-02T10:16:08+00:00\",\"description\":\"Inflatable platforms designed for sunbathing, boarding and relaxing at anchor. Stable, durable and perfect for expanding the space around your boat.\",\"breadcrumb\":{\"@id\":\"https:\\\/\\\/www.decktent.com\\\/en\\\/producto\\\/inflatable-platforms\\\/#breadcrumb\"},\"inLanguage\":\"en-US\",\"potentialAction\":[{\"@type\":\"ReadAction\",\"target\":[\"https:\\\/\\\/www.decktent.com\\\/en\\\/producto\\\/inflatable-platforms\\\/\"]}]},{\"@type\":\"ImageObject\",\"inLanguage\":\"en-US\",\"@id\":\"https:\\\/\\\/www.decktent.com\\\/en\\\/producto\\\/inflatable-platforms\\\/#primaryimage\",\"url\":\"https:\\\/\\\/www.decktent.com\\\/wp-content\\\/uploads\\\/2024\\\/02\\\/PLATFORM-scaled.jpg\",\"contentUrl\":\"https:\\\/\\\/www.decktent.com\\\/wp-content\\\/uploads\\\/2024\\\/02\\\/PLATFORM-scaled.jpg\",\"width\":2560,\"height\":1096},{\"@type\":\"BreadcrumbList\",\"@id\":\"https:\\\/\\\/www.decktent.com\\\/en\\\/producto\\\/inflatable-platforms\\\/#breadcrumb\",\"itemListElement\":[{\"@type\":\"ListItem\",\"position\":1,\"name\":\"Home\",\"item\":\"https:\\\/\\\/www.decktent.com\\\/en\\\/home\\\/\"},{\"@type\":\"ListItem\",\"position\":2,\"name\":\"Productos\",\"item\":\"https:\\\/\\\/www.decktent.com\\\/shop\\\/\"},{\"@type\":\"ListItem\",\"position\":3,\"name\":\"Inflatable Platforms\"}]},{\"@type\":\"WebSite\",\"@id\":\"https:\\\/\\\/www.decktent.com\\\/#website\",\"url\":\"https:\\\/\\\/www.decktent.com\\\/\",\"name\":\"DeckTent\",\"description\":\"Bimini\",\"potentialAction\":[{\"@type\":\"SearchAction\",\"target\":{\"@type\":\"EntryPoint\",\"urlTemplate\":\"https:\\\/\\\/www.decktent.com\\\/?s={search_term_string}\"},\"query-input\":{\"@type\":\"PropertyValueSpecification\",\"valueRequired\":true,\"valueName\":\"search_term_string\"}}],\"inLanguage\":\"en-US\"}]}<\/script>\n<!-- \/ Yoast SEO plugin. -->","yoast_head_json":{"title":"Inflatable Boat Platforms \u2013 Durable Floating Platforms | DeckTent","description":"Inflatable platforms designed for sunbathing, boarding and relaxing at anchor. Stable, durable and perfect for expanding the space around your boat.","robots":{"index":"index","follow":"follow","max-snippet":"max-snippet:-1","max-image-preview":"max-image-preview:large","max-video-preview":"max-video-preview:-1"},"canonical":"https:\/\/www.decktent.com\/en\/producto\/inflatable-platforms\/","og_locale":"en_US","og_type":"article","og_title":"Inflatable Boat Platforms \u2013 Durable Floating Platforms | DeckTent","og_description":"Inflatable platforms designed for sunbathing, boarding and relaxing at anchor. Stable, durable and perfect for expanding the space around your boat.","og_url":"https:\/\/www.decktent.com\/en\/producto\/inflatable-platforms\/","og_site_name":"DeckTent","article_publisher":"https:\/\/www.facebook.com\/decktent.biminis","article_modified_time":"2025-07-02T10:16:08+00:00","og_image":[{"width":2560,"height":1096,"url":"https:\/\/www.decktent.com\/wp-content\/uploads\/2024\/02\/PLATFORM-scaled.jpg","type":"image\/jpeg"}],"twitter_card":"summary_large_image","twitter_misc":{"Est. reading time":"2 minutes"},"schema":{"@context":"https:\/\/schema.org","@graph":[{"@type":"WebPage","@id":"https:\/\/www.decktent.com\/en\/producto\/inflatable-platforms\/","url":"https:\/\/www.decktent.com\/en\/producto\/inflatable-platforms\/","name":"Inflatable Boat Platforms \u2013 Durable Floating Platforms | DeckTent","isPartOf":{"@id":"https:\/\/www.decktent.com\/#website"},"primaryImageOfPage":{"@id":"https:\/\/www.decktent.com\/en\/producto\/inflatable-platforms\/#primaryimage"},"image":{"@id":"https:\/\/www.decktent.com\/en\/producto\/inflatable-platforms\/#primaryimage"},"thumbnailUrl":"https:\/\/www.decktent.com\/wp-content\/uploads\/2024\/02\/PLATFORM-scaled.jpg","datePublished":"2024-02-19T12:03:08+00:00","dateModified":"2025-07-02T10:16:08+00:00","description":"Inflatable platforms designed for sunbathing, boarding and relaxing at anchor. Stable, durable and perfect for expanding the space around your boat.","breadcrumb":{"@id":"https:\/\/www.decktent.com\/en\/producto\/inflatable-platforms\/#breadcrumb"},"inLanguage":"en-US","potentialAction":[{"@type":"ReadAction","target":["https:\/\/www.decktent.com\/en\/producto\/inflatable-platforms\/"]}]},{"@type":"ImageObject","inLanguage":"en-US","@id":"https:\/\/www.decktent.com\/en\/producto\/inflatable-platforms\/#primaryimage","url":"https:\/\/www.decktent.com\/wp-content\/uploads\/2024\/02\/PLATFORM-scaled.jpg","contentUrl":"https:\/\/www.decktent.com\/wp-content\/uploads\/2024\/02\/PLATFORM-scaled.jpg","width":2560,"height":1096},{"@type":"BreadcrumbList","@id":"https:\/\/www.decktent.com\/en\/producto\/inflatable-platforms\/#breadcrumb","itemListElement":[{"@type":"ListItem","position":1,"name":"Home","item":"https:\/\/www.decktent.com\/en\/home\/"},{"@type":"ListItem","position":2,"name":"Productos","item":"https:\/\/www.decktent.com\/shop\/"},{"@type":"ListItem","position":3,"name":"Inflatable Platforms"}]},{"@type":"WebSite","@id":"https:\/\/www.decktent.com\/#website","url":"https:\/\/www.decktent.com\/","name":"DeckTent","description":"Bimini","potentialAction":[{"@type":"SearchAction","target":{"@type":"EntryPoint","urlTemplate":"https:\/\/www.decktent.com\/?s={search_term_string}"},"query-input":{"@type":"PropertyValueSpecification","valueRequired":true,"valueName":"search_term_string"}}],"inLanguage":"en-US"}]}},"_links":{"self":[{"href":"https:\/\/www.decktent.com\/en\/wp-json\/wp\/v2\/product\/3265","targetHints":{"allow":["GET"]}}],"collection":[{"href":"https:\/\/www.decktent.com\/en\/wp-json\/wp\/v2\/product"}],"about":[{"href":"https:\/\/www.decktent.com\/en\/wp-json\/wp\/v2\/types\/product"}],"wp:featuredmedia":[{"embeddable":true,"href":"https:\/\/www.decktent.com\/en\/wp-json\/wp\/v2\/media\/3135"}],"wp:attachment":[{"href":"https:\/\/www.decktent.com\/en\/wp-json\/wp\/v2\/media?parent=3265"}],"wp:term":[{"taxonomy":"product_brand","embeddable":true,"href":"https:\/\/www.decktent.com\/en\/wp-json\/wp\/v2\/product_brand?post=3265"},{"taxonomy":"product_cat","embeddable":true,"href":"https:\/\/www.decktent.com\/en\/wp-json\/wp\/v2\/product_cat?post=3265"},{"taxonomy":"product_tag","embeddable":true,"href":"https:\/\/www.decktent.com\/en\/wp-json\/wp\/v2\/product_tag?post=3265"}],"curies":[{"name":"wp","href":"https:\/\/api.w.org\/{rel}","templated":true}]}}