{"id":1597,"date":"2022-03-16T13:30:12","date_gmt":"2022-03-16T13:30:12","guid":{"rendered":"https:\/\/www.decktent.com\/?post_type=product&#038;p=1597"},"modified":"2026-04-01T16:09:31","modified_gmt":"2026-04-01T16:09:31","slug":"decktent-xs","status":"publish","type":"product","link":"https:\/\/www.decktent.com\/en\/producto\/decktent-xs\/","title":{"rendered":"DECKTENT XS"},"content":{"rendered":"<p>[et_pb_section fb_built=&#8221;1&#8243; _builder_version=&#8221;4.16&#8243; custom_padding=&#8221;0px||||false|false&#8221; global_colors_info=&#8221;{}&#8221;][et_pb_row _builder_version=&#8221;4.16&#8243; background_size=&#8221;initial&#8221; background_position=&#8221;top_left&#8221; background_repeat=&#8221;repeat&#8221; width=&#8221;100%&#8221; custom_padding=&#8221;0px||0px||false|false&#8221; global_colors_info=&#8221;{}&#8221;][et_pb_column type=&#8221;4_4&#8243; _builder_version=&#8221;4.16&#8243; custom_padding=&#8221;|||&#8221; global_colors_info=&#8221;{}&#8221; custom_padding__hover=&#8221;|||&#8221;][et_pb_wc_breadcrumb _builder_version=&#8221;4.16&#8243; global_colors_info=&#8221;{}&#8221;][\/et_pb_wc_breadcrumb][et_pb_wc_cart_notice _builder_version=&#8221;4.16&#8243; global_colors_info=&#8221;{}&#8221;][\/et_pb_wc_cart_notice][\/et_pb_column][\/et_pb_row][et_pb_row column_structure=&#8221;1_2,1_2&#8243; _builder_version=&#8221;4.16&#8243; background_size=&#8221;initial&#8221; background_position=&#8221;top_left&#8221; background_repeat=&#8221;repeat&#8221; width=&#8221;100%&#8221; custom_padding=&#8221;0px||||false|false&#8221; global_colors_info=&#8221;{}&#8221;][et_pb_column type=&#8221;1_2&#8243; _builder_version=&#8221;4.16&#8243; custom_padding=&#8221;|||&#8221; global_colors_info=&#8221;{}&#8221; custom_padding__hover=&#8221;|||&#8221;][et_pb_wc_images _builder_version=&#8221;4.16&#8243; global_colors_info=&#8221;{}&#8221;][\/et_pb_wc_images][\/et_pb_column][et_pb_column type=&#8221;1_2&#8243; _builder_version=&#8221;4.16&#8243; custom_padding=&#8221;|||&#8221; global_colors_info=&#8221;{}&#8221; custom_padding__hover=&#8221;|||&#8221;][et_pb_wc_title _builder_version=&#8221;4.16&#8243; global_colors_info=&#8221;{}&#8221;][\/et_pb_wc_title][et_pb_wc_rating _builder_version=&#8221;4.16&#8243; global_colors_info=&#8221;{}&#8221;][\/et_pb_wc_rating][et_pb_wc_price _builder_version=&#8221;4.16&#8243; global_colors_info=&#8221;{}&#8221;][\/et_pb_wc_price][et_pb_wc_description _builder_version=&#8221;4.16&#8243; global_colors_info=&#8221;{}&#8221;][\/et_pb_wc_description][et_pb_wc_add_to_cart _builder_version=&#8221;4.27.4&#8243; global_colors_info=&#8221;{}&#8221;][\/et_pb_wc_add_to_cart][et_pb_wc_meta _builder_version=&#8221;4.16&#8243; global_colors_info=&#8221;{}&#8221;][\/et_pb_wc_meta][\/et_pb_column][\/et_pb_row][et_pb_row _builder_version=&#8221;4.16&#8243; background_size=&#8221;initial&#8221; background_position=&#8221;top_left&#8221; background_repeat=&#8221;repeat&#8221; width=&#8221;100%&#8221; locked=&#8221;off&#8221; global_colors_info=&#8221;{}&#8221;][et_pb_column type=&#8221;4_4&#8243; _builder_version=&#8221;4.16&#8243; custom_padding=&#8221;|||&#8221; global_colors_info=&#8221;{}&#8221; custom_padding__hover=&#8221;|||&#8221;][et_pb_text _builder_version=&#8221;4.27.4&#8243; _module_preset=&#8221;default&#8221; global_colors_info=&#8221;{}&#8221;]<\/p>\n<h2 data-start=\"679\" data-end=\"758\"><strong data-start=\"682\" data-end=\"758\">DeckTent XS: sombra inflable para motoras de 5\u20137,5 m y veleros de 7\u201310 m<\/strong><\/h2>\n<p data-start=\"759\" data-end=\"1156\">DeckTent XS es el tama\u00f1o pensado para barcos que viven el mar a un ritmo intenso: motoras entre 5 y 7,5 metros y veleros de 7 a 10 metros. Proporciona una gran superficie de sombra en proa sin estructuras fijas, sin taladros y sin renunciar al dise\u00f1o de tu embarcaci\u00f3n. Se infla en pocos minutos y convierte la zona de sol\u00e1rium en un espacio c\u00f3modo para descansar, comer o navegar con m\u00e1s confort.<\/p>\n<hr data-start=\"1158\" data-end=\"1161\" \/>\n<p data-start=\"4082\" data-end=\"4262\">[\/et_pb_text][et_pb_wc_tabs include_tabs=&#8221;wb_cptb_1|wb_cptb_2|wb_cptb_3|wb_cptb_4|wb_cptb_5|wb_cptb_6|wb_cptb_7||&#8221; _builder_version=&#8221;4.27.4&#8243; tab_font=&#8221;Montserrat|600|||||||&#8221; tab_font_size=&#8221;15px&#8221; tab_line_height=&#8221;2.1em&#8221; tab_font_size_tablet=&#8221;15px&#8221; tab_font_size_phone=&#8221;15px&#8221; tab_font_size_last_edited=&#8221;on|desktop&#8221; border_color_all=&#8221;gcid-secondary-color&#8221; box_shadow_style=&#8221;preset3&#8243; global_colors_info=&#8221;{%22gcid-secondary-color%22:%91%22border_color_all%22%93}&#8221;] [\/et_pb_wc_tabs][et_pb_wc_upsells _builder_version=&#8221;4.27.4&#8243; product_title_font=&#8221;Montserrat||||||||&#8221; product_title_font_size=&#8221;1.1em&#8221; custom_margin=&#8221;85px||||false|false&#8221; custom_margin_tablet=&#8221;85px||||false|false&#8221; custom_margin_phone=&#8221;85px||||false|false&#8221; custom_margin_last_edited=&#8221;on|desktop&#8221; global_colors_info=&#8221;{}&#8221;][\/et_pb_wc_upsells][et_pb_wc_related_products include_categories=&#8221;76&#8243; disabled_on=&#8221;off|off|off&#8221; _builder_version=&#8221;4.27.4&#8243; global_colors_info=&#8221;{}&#8221;][\/et_pb_wc_related_products][\/et_pb_column][\/et_pb_row][\/et_pb_section]<\/p>\n","protected":false},"excerpt":{"rendered":"<p><strong>Adaptable para\/fitting:<\/strong><\/p>\n<p><strong>Semirr\u00edgidas<\/strong>\u00a0de 4,90 a 7,50 metros &#8211; <b>Ribs <\/b>from 4,9 to 7,50 meters<\/p>\n<p><strong>Motoras <\/strong>de 5,5 a 7,5 metros &#8211; <strong>Motorboats <\/strong>from 5,5 to 7,5 meters<\/p>\n<p><strong>Veleros<\/strong> de 8 a 12 metros &#8211; <strong>Saiboats<\/strong> from 8 to 12 meters<\/p>\n<p><strong>F: <\/strong>1,50 &#8211; 1,90m<br \/>\n<strong>B:<\/strong> 1,95 \u2010 2,40m<br \/>\n<strong>L: <\/strong>2,10m<\/p>\n<p><strong>Costes de env\u00edo a pa\u00edses de la UE incluidos, excepto a los siguientes pa\u00edses: Alemania, Austria, Suiza, Croacia y Grecia \/ Shipping costs to EU countries are included, except for the following countries: Germany, Austria, Switzerland, Croatia and Greece.<\/strong><\/p>\n","protected":false},"featured_media":3580,"template":"","meta":{"_et_pb_use_builder":"on","_et_pb_old_content":"","_et_gb_content_width":""},"product_brand":[],"product_cat":[76],"product_tag":[],"class_list":{"0":"post-1597","1":"product","2":"type-product","3":"status-publish","4":"has-post-thumbnail","6":"product_cat-biminis-en","8":"first","9":"instock","10":"shipping-taxable","11":"purchasable","12":"product-type-variable"},"yoast_head":"<!-- This site is optimized with the Yoast SEO plugin v27.3 - https:\/\/yoast.com\/product\/yoast-seo-wordpress\/ -->\n<title>DeckTent XS \u2013 Inflatable Bimini for Small Boats (5 - 8m)<\/title>\n<meta name=\"description\" content=\"DeckTent XS es un bimini inflable para embarcaciones peque\u00f1as de 5 a 8 metros. Montaje r\u00e1pido, compacto y resistente para disfrutar del mar con comodidad.\" \/>\n<meta name=\"robots\" content=\"index, follow, max-snippet:-1, max-image-preview:large, max-video-preview:-1\" \/>\n<link rel=\"canonical\" href=\"https:\/\/www.decktent.com\/en\/producto\/decktent-xs\/\" \/>\n<meta property=\"og:locale\" content=\"en_US\" \/>\n<meta property=\"og:type\" content=\"article\" \/>\n<meta property=\"og:title\" content=\"DeckTent XS \u2013 Inflatable Bimini for Small Boats (5 - 8m)\" \/>\n<meta property=\"og:description\" content=\"DeckTent XS es un bimini inflable para embarcaciones peque\u00f1as de 5 a 8 metros. Montaje r\u00e1pido, compacto y resistente para disfrutar del mar con comodidad.\" \/>\n<meta property=\"og:url\" content=\"https:\/\/www.decktent.com\/en\/producto\/decktent-xs\/\" \/>\n<meta property=\"og:site_name\" content=\"DeckTent\" \/>\n<meta property=\"article:publisher\" content=\"https:\/\/www.facebook.com\/decktent.biminis\" \/>\n<meta property=\"article:modified_time\" content=\"2026-04-01T16:09:31+00:00\" \/>\n<meta property=\"og:image\" content=\"https:\/\/www.decktent.com\/wp-content\/uploads\/2022\/03\/DECKTENT-size-XS-7.png\" \/>\n\t<meta property=\"og:image:width\" content=\"2445\" \/>\n\t<meta property=\"og:image:height\" content=\"1729\" \/>\n\t<meta property=\"og:image:type\" content=\"image\/png\" \/>\n<meta name=\"twitter:card\" content=\"summary_large_image\" \/>\n<meta name=\"twitter:label1\" content=\"Est. reading time\" \/>\n\t<meta name=\"twitter:data1\" content=\"3 minutes\" \/>\n<script type=\"application\/ld+json\" class=\"yoast-schema-graph\">{\"@context\":\"https:\\\/\\\/schema.org\",\"@graph\":[{\"@type\":\"WebPage\",\"@id\":\"https:\\\/\\\/www.decktent.com\\\/en\\\/producto\\\/decktent-xs\\\/\",\"url\":\"https:\\\/\\\/www.decktent.com\\\/en\\\/producto\\\/decktent-xs\\\/\",\"name\":\"DeckTent XS \u2013 Inflatable Bimini for Small Boats (5 - 8m)\",\"isPartOf\":{\"@id\":\"https:\\\/\\\/www.decktent.com\\\/#website\"},\"primaryImageOfPage\":{\"@id\":\"https:\\\/\\\/www.decktent.com\\\/en\\\/producto\\\/decktent-xs\\\/#primaryimage\"},\"image\":{\"@id\":\"https:\\\/\\\/www.decktent.com\\\/en\\\/producto\\\/decktent-xs\\\/#primaryimage\"},\"thumbnailUrl\":\"https:\\\/\\\/www.decktent.com\\\/wp-content\\\/uploads\\\/2022\\\/03\\\/DECKTENT-size-XS-7.png\",\"datePublished\":\"2022-03-16T13:30:12+00:00\",\"dateModified\":\"2026-04-01T16:09:31+00:00\",\"description\":\"DeckTent XS es un bimini inflable para embarcaciones peque\u00f1as de 5 a 8 metros. Montaje r\u00e1pido, compacto y resistente para disfrutar del mar con comodidad.\",\"breadcrumb\":{\"@id\":\"https:\\\/\\\/www.decktent.com\\\/en\\\/producto\\\/decktent-xs\\\/#breadcrumb\"},\"inLanguage\":\"en-US\",\"potentialAction\":[{\"@type\":\"ReadAction\",\"target\":[\"https:\\\/\\\/www.decktent.com\\\/en\\\/producto\\\/decktent-xs\\\/\"]}]},{\"@type\":\"ImageObject\",\"inLanguage\":\"en-US\",\"@id\":\"https:\\\/\\\/www.decktent.com\\\/en\\\/producto\\\/decktent-xs\\\/#primaryimage\",\"url\":\"https:\\\/\\\/www.decktent.com\\\/wp-content\\\/uploads\\\/2022\\\/03\\\/DECKTENT-size-XS-7.png\",\"contentUrl\":\"https:\\\/\\\/www.decktent.com\\\/wp-content\\\/uploads\\\/2022\\\/03\\\/DECKTENT-size-XS-7.png\",\"width\":2445,\"height\":1729},{\"@type\":\"BreadcrumbList\",\"@id\":\"https:\\\/\\\/www.decktent.com\\\/en\\\/producto\\\/decktent-xs\\\/#breadcrumb\",\"itemListElement\":[{\"@type\":\"ListItem\",\"position\":1,\"name\":\"Home\",\"item\":\"https:\\\/\\\/www.decktent.com\\\/en\\\/home\\\/\"},{\"@type\":\"ListItem\",\"position\":2,\"name\":\"Productos\",\"item\":\"https:\\\/\\\/www.decktent.com\\\/shop\\\/\"},{\"@type\":\"ListItem\",\"position\":3,\"name\":\"DECKTENT XS\"}]},{\"@type\":\"WebSite\",\"@id\":\"https:\\\/\\\/www.decktent.com\\\/#website\",\"url\":\"https:\\\/\\\/www.decktent.com\\\/\",\"name\":\"DeckTent\",\"description\":\"Bimini\",\"potentialAction\":[{\"@type\":\"SearchAction\",\"target\":{\"@type\":\"EntryPoint\",\"urlTemplate\":\"https:\\\/\\\/www.decktent.com\\\/?s={search_term_string}\"},\"query-input\":{\"@type\":\"PropertyValueSpecification\",\"valueRequired\":true,\"valueName\":\"search_term_string\"}}],\"inLanguage\":\"en-US\"}]}<\/script>\n<!-- \/ Yoast SEO plugin. -->","yoast_head_json":{"title":"DeckTent XS \u2013 Inflatable Bimini for Small Boats (5 - 8m)","description":"DeckTent XS es un bimini inflable para embarcaciones peque\u00f1as de 5 a 8 metros. Montaje r\u00e1pido, compacto y resistente para disfrutar del mar con comodidad.","robots":{"index":"index","follow":"follow","max-snippet":"max-snippet:-1","max-image-preview":"max-image-preview:large","max-video-preview":"max-video-preview:-1"},"canonical":"https:\/\/www.decktent.com\/en\/producto\/decktent-xs\/","og_locale":"en_US","og_type":"article","og_title":"DeckTent XS \u2013 Inflatable Bimini for Small Boats (5 - 8m)","og_description":"DeckTent XS es un bimini inflable para embarcaciones peque\u00f1as de 5 a 8 metros. Montaje r\u00e1pido, compacto y resistente para disfrutar del mar con comodidad.","og_url":"https:\/\/www.decktent.com\/en\/producto\/decktent-xs\/","og_site_name":"DeckTent","article_publisher":"https:\/\/www.facebook.com\/decktent.biminis","article_modified_time":"2026-04-01T16:09:31+00:00","og_image":[{"width":2445,"height":1729,"url":"https:\/\/www.decktent.com\/wp-content\/uploads\/2022\/03\/DECKTENT-size-XS-7.png","type":"image\/png"}],"twitter_card":"summary_large_image","twitter_misc":{"Est. reading time":"3 minutes"},"schema":{"@context":"https:\/\/schema.org","@graph":[{"@type":"WebPage","@id":"https:\/\/www.decktent.com\/en\/producto\/decktent-xs\/","url":"https:\/\/www.decktent.com\/en\/producto\/decktent-xs\/","name":"DeckTent XS \u2013 Inflatable Bimini for Small Boats (5 - 8m)","isPartOf":{"@id":"https:\/\/www.decktent.com\/#website"},"primaryImageOfPage":{"@id":"https:\/\/www.decktent.com\/en\/producto\/decktent-xs\/#primaryimage"},"image":{"@id":"https:\/\/www.decktent.com\/en\/producto\/decktent-xs\/#primaryimage"},"thumbnailUrl":"https:\/\/www.decktent.com\/wp-content\/uploads\/2022\/03\/DECKTENT-size-XS-7.png","datePublished":"2022-03-16T13:30:12+00:00","dateModified":"2026-04-01T16:09:31+00:00","description":"DeckTent XS es un bimini inflable para embarcaciones peque\u00f1as de 5 a 8 metros. Montaje r\u00e1pido, compacto y resistente para disfrutar del mar con comodidad.","breadcrumb":{"@id":"https:\/\/www.decktent.com\/en\/producto\/decktent-xs\/#breadcrumb"},"inLanguage":"en-US","potentialAction":[{"@type":"ReadAction","target":["https:\/\/www.decktent.com\/en\/producto\/decktent-xs\/"]}]},{"@type":"ImageObject","inLanguage":"en-US","@id":"https:\/\/www.decktent.com\/en\/producto\/decktent-xs\/#primaryimage","url":"https:\/\/www.decktent.com\/wp-content\/uploads\/2022\/03\/DECKTENT-size-XS-7.png","contentUrl":"https:\/\/www.decktent.com\/wp-content\/uploads\/2022\/03\/DECKTENT-size-XS-7.png","width":2445,"height":1729},{"@type":"BreadcrumbList","@id":"https:\/\/www.decktent.com\/en\/producto\/decktent-xs\/#breadcrumb","itemListElement":[{"@type":"ListItem","position":1,"name":"Home","item":"https:\/\/www.decktent.com\/en\/home\/"},{"@type":"ListItem","position":2,"name":"Productos","item":"https:\/\/www.decktent.com\/shop\/"},{"@type":"ListItem","position":3,"name":"DECKTENT XS"}]},{"@type":"WebSite","@id":"https:\/\/www.decktent.com\/#website","url":"https:\/\/www.decktent.com\/","name":"DeckTent","description":"Bimini","potentialAction":[{"@type":"SearchAction","target":{"@type":"EntryPoint","urlTemplate":"https:\/\/www.decktent.com\/?s={search_term_string}"},"query-input":{"@type":"PropertyValueSpecification","valueRequired":true,"valueName":"search_term_string"}}],"inLanguage":"en-US"}]}},"_links":{"self":[{"href":"https:\/\/www.decktent.com\/en\/wp-json\/wp\/v2\/product\/1597","targetHints":{"allow":["GET"]}}],"collection":[{"href":"https:\/\/www.decktent.com\/en\/wp-json\/wp\/v2\/product"}],"about":[{"href":"https:\/\/www.decktent.com\/en\/wp-json\/wp\/v2\/types\/product"}],"wp:featuredmedia":[{"embeddable":true,"href":"https:\/\/www.decktent.com\/en\/wp-json\/wp\/v2\/media\/3580"}],"wp:attachment":[{"href":"https:\/\/www.decktent.com\/en\/wp-json\/wp\/v2\/media?parent=1597"}],"wp:term":[{"taxonomy":"product_brand","embeddable":true,"href":"https:\/\/www.decktent.com\/en\/wp-json\/wp\/v2\/product_brand?post=1597"},{"taxonomy":"product_cat","embeddable":true,"href":"https:\/\/www.decktent.com\/en\/wp-json\/wp\/v2\/product_cat?post=1597"},{"taxonomy":"product_tag","embeddable":true,"href":"https:\/\/www.decktent.com\/en\/wp-json\/wp\/v2\/product_tag?post=1597"}],"curies":[{"name":"wp","href":"https:\/\/api.w.org\/{rel}","templated":true}]}}